{"id":22715,"date":"2024-07-29T20:15:42","date_gmt":"2024-07-29T20:15:42","guid":{"rendered":"https:\/\/clubhoka.holdingsportgroup.com\/?page_id=22715"},"modified":"2024-07-31T14:46:05","modified_gmt":"2024-07-31T14:46:05","slug":"terminos","status":"publish","type":"page","link":"https:\/\/clubhoka.holdingsportgroup.com\/index.php\/terminos\/","title":{"rendered":"T\u00e9rminos"},"content":{"rendered":"\t\t<div data-elementor-type=\"wp-page\" data-elementor-id=\"22715\" class=\"elementor elementor-22715\">\n\t\t\t\t\t\t<section class=\"elementor-section elementor-top-section elementor-element elementor-element-2e54dfed elementor-section-stretched elementor-section-full_width elementor-section-height-min-height elementor-hidden-tablet elementor-hidden-mobile elementor-section-height-default elementor-section-items-middle\" data-id=\"2e54dfed\" data-element_type=\"section\" data-e-type=\"section\" data-settings=\"{&quot;stretch_section&quot;:&quot;section-stretched&quot;}\">\n\t\t\t\t\t\t<div class=\"elementor-container elementor-column-gap-custom\">\n\t\t\t\t\t<div class=\"elementor-column elementor-col-50 elementor-top-column elementor-element elementor-element-2dc3d314\" data-id=\"2dc3d314\" data-element_type=\"column\" data-e-type=\"column\">\n\t\t\t<div class=\"elementor-widget-wrap elementor-element-populated\">\n\t\t\t\t\t\t<div class=\"elementor-element elementor-element-761f1176 elementor-widget__width-initial elementor-widget elementor-widget-image\" data-id=\"761f1176\" data-element_type=\"widget\" data-e-type=\"widget\" data-widget_type=\"image.default\">\n\t\t\t\t<div class=\"elementor-widget-container\">\n\t\t\t\t\t\t\t\t\t\t\t\t\t\t\t\t<a href=\"https:\/\/clubhoka.holdingsportgroup.com\/\">\n\t\t\t\t\t\t\t<img fetchpriority=\"high\" decoding=\"async\" width=\"640\" height=\"315\" src=\"https:\/\/clubhoka.holdingsportgroup.com\/wp-content\/uploads\/2024\/07\/Logo-Hoka-2-1024x504.png\" class=\"attachment-large size-large wp-image-22857\" alt=\"\" srcset=\"https:\/\/clubhoka.holdingsportgroup.com\/wp-content\/uploads\/2024\/07\/Logo-Hoka-2-1024x504.png 1024w, https:\/\/clubhoka.holdingsportgroup.com\/wp-content\/uploads\/2024\/07\/Logo-Hoka-2-300x148.png 300w, https:\/\/clubhoka.holdingsportgroup.com\/wp-content\/uploads\/2024\/07\/Logo-Hoka-2-768x378.png 768w, https:\/\/clubhoka.holdingsportgroup.com\/wp-content\/uploads\/2024\/07\/Logo-Hoka-2.png 1501w\" sizes=\"(max-width: 640px) 100vw, 640px\" \/>\t\t\t\t\t\t\t\t<\/a>\n\t\t\t\t\t\t\t\t\t\t\t\t\t\t\t<\/div>\n\t\t\t\t<\/div>\n\t\t\t\t\t<\/div>\n\t\t<\/div>\n\t\t\t\t<div class=\"elementor-column elementor-col-50 elementor-top-column elementor-element elementor-element-5caafad0\" data-id=\"5caafad0\" data-element_type=\"column\" data-e-type=\"column\">\n\t\t\t<div class=\"elementor-widget-wrap\">\n\t\t\t\t\t\t\t<\/div>\n\t\t<\/div>\n\t\t\t\t\t<\/div>\n\t\t<\/section>\n\t\t\t\t<section class=\"elementor-section elementor-top-section elementor-element elementor-element-2ba4fd9b elementor-section-stretched elementor-section-full_width elementor-section-height-min-height elementor-hidden-desktop elementor-section-height-default elementor-section-items-middle\" data-id=\"2ba4fd9b\" data-element_type=\"section\" data-e-type=\"section\" data-settings=\"{&quot;stretch_section&quot;:&quot;section-stretched&quot;}\">\n\t\t\t\t\t\t<div class=\"elementor-container elementor-column-gap-custom\">\n\t\t\t\t\t<div class=\"elementor-column elementor-col-33 elementor-top-column elementor-element elementor-element-6959891\" data-id=\"6959891\" data-element_type=\"column\" data-e-type=\"column\">\n\t\t\t<div class=\"elementor-widget-wrap\">\n\t\t\t\t\t\t\t<\/div>\n\t\t<\/div>\n\t\t\t\t<div class=\"elementor-column elementor-col-33 elementor-top-column elementor-element elementor-element-57f580b8\" data-id=\"57f580b8\" data-element_type=\"column\" data-e-type=\"column\">\n\t\t\t<div class=\"elementor-widget-wrap elementor-element-populated\">\n\t\t\t\t\t\t<div class=\"elementor-element elementor-element-3152ac9f elementor-widget__width-initial elementor-widget-tablet__width-initial elementor-widget-mobile__width-initial elementor-widget elementor-widget-image\" data-id=\"3152ac9f\" data-element_type=\"widget\" data-e-type=\"widget\" data-widget_type=\"image.default\">\n\t\t\t\t<div class=\"elementor-widget-container\">\n\t\t\t\t\t\t\t\t\t\t\t\t\t\t\t\t<a href=\"https:\/\/clubhoka.holdingsportgroup.com\/\">\n\t\t\t\t\t\t\t<img fetchpriority=\"high\" decoding=\"async\" width=\"640\" height=\"315\" src=\"https:\/\/clubhoka.holdingsportgroup.com\/wp-content\/uploads\/2024\/07\/Logo-Hoka-2-1024x504.png\" class=\"attachment-large size-large wp-image-22857\" alt=\"\" srcset=\"https:\/\/clubhoka.holdingsportgroup.com\/wp-content\/uploads\/2024\/07\/Logo-Hoka-2-1024x504.png 1024w, https:\/\/clubhoka.holdingsportgroup.com\/wp-content\/uploads\/2024\/07\/Logo-Hoka-2-300x148.png 300w, https:\/\/clubhoka.holdingsportgroup.com\/wp-content\/uploads\/2024\/07\/Logo-Hoka-2-768x378.png 768w, https:\/\/clubhoka.holdingsportgroup.com\/wp-content\/uploads\/2024\/07\/Logo-Hoka-2.png 1501w\" sizes=\"(max-width: 640px) 100vw, 640px\" \/>\t\t\t\t\t\t\t\t<\/a>\n\t\t\t\t\t\t\t\t\t\t\t\t\t\t\t<\/div>\n\t\t\t\t<\/div>\n\t\t\t\t\t<\/div>\n\t\t<\/div>\n\t\t\t\t<div class=\"elementor-column elementor-col-33 elementor-top-column elementor-element elementor-element-3a85292a\" data-id=\"3a85292a\" data-element_type=\"column\" data-e-type=\"column\">\n\t\t\t<div class=\"elementor-widget-wrap\">\n\t\t\t\t\t\t\t<\/div>\n\t\t<\/div>\n\t\t\t\t\t<\/div>\n\t\t<\/section>\n\t\t\t\t<section class=\"elementor-section elementor-top-section elementor-element elementor-element-6f0dbed elementor-section-stretched elementor-section-full_width elementor-section-height-default elementor-section-height-default\" data-id=\"6f0dbed\" data-element_type=\"section\" data-e-type=\"section\" data-settings=\"{&quot;stretch_section&quot;:&quot;section-stretched&quot;}\">\n\t\t\t\t\t\t<div class=\"elementor-container elementor-column-gap-default\">\n\t\t\t\t\t<div class=\"elementor-column elementor-col-33 elementor-top-column elementor-element elementor-element-3b68dab\" data-id=\"3b68dab\" data-element_type=\"column\" data-e-type=\"column\" data-settings=\"{&quot;animation&quot;:&quot;none&quot;}\">\n\t\t\t<div class=\"elementor-widget-wrap\">\n\t\t\t\t\t\t\t<\/div>\n\t\t<\/div>\n\t\t\t\t<div class=\"elementor-column elementor-col-33 elementor-top-column elementor-element elementor-element-2dac599\" data-id=\"2dac599\" data-element_type=\"column\" data-e-type=\"column\" data-settings=\"{&quot;animation&quot;:&quot;none&quot;}\">\n\t\t\t<div class=\"elementor-widget-wrap elementor-element-populated\">\n\t\t\t\t\t\t<div class=\"elementor-element elementor-element-eb98235 elementor-widget elementor-widget-text-editor\" data-id=\"eb98235\" data-element_type=\"widget\" data-e-type=\"widget\" data-widget_type=\"text-editor.default\">\n\t\t\t\t<div class=\"elementor-widget-container\">\n\t\t\t\t\t\t\t\t\tT\u00c9RMINOS DEL RUN CLUB\t\t\t\t\t\t\t\t<\/div>\n\t\t\t\t<\/div>\n\t\t\t\t<div class=\"elementor-element elementor-element-15e0e9a elementor-widget elementor-widget-text-editor\" data-id=\"15e0e9a\" data-element_type=\"widget\" data-e-type=\"widget\" data-widget_type=\"text-editor.default\">\n\t\t\t\t<div class=\"elementor-widget-container\">\n\t\t\t\t\t\t\t\t\t<p>Por la presente asumo todos los riesgos de participar en cualquiera o todas las actividades que realizar\u00e9 durante el HOKA Run Club.<\/p><p>Confirmo que estoy en buena forma f\u00edsica, que puedo caminar y correr c\u00f3modamente y que un m\u00e9dico no me ha recomendado evitar las actividades al aire libre. Certifico que no existen motivos o problemas de salud que impidan mi participaci\u00f3n en estas actividades.<\/p><p>Por el presente entiendo que mientras participo de esta actividad, es posible que me fotograf\u00eden. Acepto permitir que HOKA Run Club Paraguay y TL Sports &amp; Outdoors utilicen fotograf\u00edas, videos o im\u00e1genes para cualquier prop\u00f3sito leg\u00edtimo.<\/p><p>Certifico que he le\u00eddo este documento y entiendo completamente su contenido. Soy consciente de que esto es una exenci\u00f3n de responsabilidad y un contrato y lo acepto por mi propia voluntad.<\/p>\t\t\t\t\t\t\t\t<\/div>\n\t\t\t\t<\/div>\n\t\t\t\t\t<\/div>\n\t\t<\/div>\n\t\t\t\t<div class=\"elementor-column elementor-col-33 elementor-top-column elementor-element elementor-element-02bb065\" data-id=\"02bb065\" data-element_type=\"column\" data-e-type=\"column\" data-settings=\"{&quot;animation&quot;:&quot;none&quot;}\">\n\t\t\t<div class=\"elementor-widget-wrap\">\n\t\t\t\t\t\t\t<\/div>\n\t\t<\/div>\n\t\t\t\t\t<\/div>\n\t\t<\/section>\n\t\t\t\t<\/div>\n\t\t","protected":false},"excerpt":{"rendered":"<p>T\u00c9RMINOS DEL RUN CLUB Por la presente asumo todos los riesgos de participar en cualquiera o todas las actividades que realizar\u00e9 durante el HOKA Run Club. Confirmo que estoy en buena forma f\u00edsica, que puedo caminar y correr c\u00f3modamente y &hellip; <\/p>\n","protected":false},"author":2,"featured_media":22865,"parent":0,"menu_order":0,"comment_status":"closed","ping_status":"closed","template":"elementor_canvas","meta":{"footnotes":""},"class_list":["post-22715","page","type-page","status-publish","has-post-thumbnail","hentry"],"yoast_head":"<!-- This site is optimized with the Yoast SEO plugin v24.7 - https:\/\/yoast.com\/wordpress\/plugins\/seo\/ -->\n<title>T\u00c9RMINOS ROAD TO MIA 2024 | HOKA RUN CLUB<\/title>\n<meta name=\"robots\" content=\"index, follow, max-snippet:-1, max-image-preview:large, max-video-preview:-1\" \/>\n<link rel=\"canonical\" href=\"https:\/\/clubhoka.holdingsportgroup.com\/index.php\/terminos\/\" \/>\n<meta property=\"og:locale\" content=\"es_ES\" \/>\n<meta property=\"og:type\" content=\"article\" \/>\n<meta property=\"og:title\" content=\"T\u00c9RMINOS ROAD TO MIA 2024 | HOKA RUN CLUB\" \/>\n<meta property=\"og:description\" content=\"T\u00c9RMINOS DEL RUN CLUB Por la presente asumo todos los riesgos de participar en cualquiera o todas las actividades que realizar\u00e9 durante el HOKA Run Club. Confirmo que estoy en buena forma f\u00edsica, que puedo caminar y correr c\u00f3modamente y &hellip;\" \/>\n<meta property=\"og:url\" content=\"https:\/\/clubhoka.holdingsportgroup.com\/index.php\/terminos\/\" \/>\n<meta property=\"og:site_name\" content=\"Hoka Run Club\" \/>\n<meta property=\"article:modified_time\" content=\"2024-07-31T14:46:05+00:00\" \/>\n<meta property=\"og:image\" content=\"https:\/\/clubhoka.holdingsportgroup.com\/wp-content\/uploads\/2024\/07\/2023-0126-27_HOKA_F23_BRAND_08170_FINAL_LIB-1.jpg\" \/>\n\t<meta property=\"og:image:width\" content=\"2074\" \/>\n\t<meta property=\"og:image:height\" content=\"1382\" \/>\n\t<meta property=\"og:image:type\" content=\"image\/jpeg\" \/>\n<meta name=\"twitter:card\" content=\"summary_large_image\" \/>\n<meta name=\"twitter:title\" content=\"T\u00c9RMINOS ROAD TO MIA 2024 | HOKA RUN CLUB\" \/>\n<meta name=\"twitter:image\" content=\"https:\/\/clubhoka.holdingsportgroup.com\/wp-content\/uploads\/2024\/07\/2023-0126-27_HOKA_F23_BRAND_08170_FINAL_LIB-1.jpg\" \/>\n<meta name=\"twitter:label1\" content=\"Tiempo de lectura\" \/>\n\t<meta name=\"twitter:data1\" content=\"2 minutos\" \/>\n<script type=\"application\/ld+json\" class=\"yoast-schema-graph\">{\"@context\":\"https:\/\/schema.org\",\"@graph\":[{\"@type\":\"WebPage\",\"@id\":\"https:\/\/clubhoka.holdingsportgroup.com\/index.php\/terminos\/\",\"url\":\"https:\/\/clubhoka.holdingsportgroup.com\/index.php\/terminos\/\",\"name\":\"T\u00c9RMINOS ROAD TO MIA 2024 | HOKA RUN CLUB\",\"isPartOf\":{\"@id\":\"https:\/\/clubhoka.holdingsportgroup.com\/#website\"},\"primaryImageOfPage\":{\"@id\":\"https:\/\/clubhoka.holdingsportgroup.com\/index.php\/terminos\/#primaryimage\"},\"image\":{\"@id\":\"https:\/\/clubhoka.holdingsportgroup.com\/index.php\/terminos\/#primaryimage\"},\"thumbnailUrl\":\"https:\/\/clubhoka.holdingsportgroup.com\/wp-content\/uploads\/2024\/07\/2023-0126-27_HOKA_F23_BRAND_08170_FINAL_LIB-1.jpg\",\"datePublished\":\"2024-07-29T20:15:42+00:00\",\"dateModified\":\"2024-07-31T14:46:05+00:00\",\"breadcrumb\":{\"@id\":\"https:\/\/clubhoka.holdingsportgroup.com\/index.php\/terminos\/#breadcrumb\"},\"inLanguage\":\"es\",\"potentialAction\":[{\"@type\":\"ReadAction\",\"target\":[\"https:\/\/clubhoka.holdingsportgroup.com\/index.php\/terminos\/\"]}]},{\"@type\":\"ImageObject\",\"inLanguage\":\"es\",\"@id\":\"https:\/\/clubhoka.holdingsportgroup.com\/index.php\/terminos\/#primaryimage\",\"url\":\"https:\/\/clubhoka.holdingsportgroup.com\/wp-content\/uploads\/2024\/07\/2023-0126-27_HOKA_F23_BRAND_08170_FINAL_LIB-1.jpg\",\"contentUrl\":\"https:\/\/clubhoka.holdingsportgroup.com\/wp-content\/uploads\/2024\/07\/2023-0126-27_HOKA_F23_BRAND_08170_FINAL_LIB-1.jpg\",\"width\":2074,\"height\":1382},{\"@type\":\"BreadcrumbList\",\"@id\":\"https:\/\/clubhoka.holdingsportgroup.com\/index.php\/terminos\/#breadcrumb\",\"itemListElement\":[{\"@type\":\"ListItem\",\"position\":1,\"name\":\"Portada\",\"item\":\"https:\/\/clubhoka.holdingsportgroup.com\/\"},{\"@type\":\"ListItem\",\"position\":2,\"name\":\"T\u00e9rminos\"}]},{\"@type\":\"WebSite\",\"@id\":\"https:\/\/clubhoka.holdingsportgroup.com\/#website\",\"url\":\"https:\/\/clubhoka.holdingsportgroup.com\/\",\"name\":\"Hoka Run Club\",\"description\":\"\",\"potentialAction\":[{\"@type\":\"SearchAction\",\"target\":{\"@type\":\"EntryPoint\",\"urlTemplate\":\"https:\/\/clubhoka.holdingsportgroup.com\/?s={search_term_string}\"},\"query-input\":{\"@type\":\"PropertyValueSpecification\",\"valueRequired\":true,\"valueName\":\"search_term_string\"}}],\"inLanguage\":\"es\"}]}<\/script>\n<!-- \/ Yoast SEO plugin. -->","yoast_head_json":{"title":"T\u00c9RMINOS ROAD TO MIA 2024 | HOKA RUN CLUB","robots":{"index":"index","follow":"follow","max-snippet":"max-snippet:-1","max-image-preview":"max-image-preview:large","max-video-preview":"max-video-preview:-1"},"canonical":"https:\/\/clubhoka.holdingsportgroup.com\/index.php\/terminos\/","og_locale":"es_ES","og_type":"article","og_title":"T\u00c9RMINOS ROAD TO MIA 2024 | HOKA RUN CLUB","og_description":"T\u00c9RMINOS DEL RUN CLUB Por la presente asumo todos los riesgos de participar en cualquiera o todas las actividades que realizar\u00e9 durante el HOKA Run Club. Confirmo que estoy en buena forma f\u00edsica, que puedo caminar y correr c\u00f3modamente y &hellip;","og_url":"https:\/\/clubhoka.holdingsportgroup.com\/index.php\/terminos\/","og_site_name":"Hoka Run Club","article_modified_time":"2024-07-31T14:46:05+00:00","og_image":[{"width":2074,"height":1382,"url":"https:\/\/clubhoka.holdingsportgroup.com\/wp-content\/uploads\/2024\/07\/2023-0126-27_HOKA_F23_BRAND_08170_FINAL_LIB-1.jpg","type":"image\/jpeg"}],"twitter_card":"summary_large_image","twitter_title":"T\u00c9RMINOS ROAD TO MIA 2024 | HOKA RUN CLUB","twitter_image":"https:\/\/clubhoka.holdingsportgroup.com\/wp-content\/uploads\/2024\/07\/2023-0126-27_HOKA_F23_BRAND_08170_FINAL_LIB-1.jpg","twitter_misc":{"Tiempo de lectura":"2 minutos"},"schema":{"@context":"https:\/\/schema.org","@graph":[{"@type":"WebPage","@id":"https:\/\/clubhoka.holdingsportgroup.com\/index.php\/terminos\/","url":"https:\/\/clubhoka.holdingsportgroup.com\/index.php\/terminos\/","name":"T\u00c9RMINOS ROAD TO MIA 2024 | HOKA RUN CLUB","isPartOf":{"@id":"https:\/\/clubhoka.holdingsportgroup.com\/#website"},"primaryImageOfPage":{"@id":"https:\/\/clubhoka.holdingsportgroup.com\/index.php\/terminos\/#primaryimage"},"image":{"@id":"https:\/\/clubhoka.holdingsportgroup.com\/index.php\/terminos\/#primaryimage"},"thumbnailUrl":"https:\/\/clubhoka.holdingsportgroup.com\/wp-content\/uploads\/2024\/07\/2023-0126-27_HOKA_F23_BRAND_08170_FINAL_LIB-1.jpg","datePublished":"2024-07-29T20:15:42+00:00","dateModified":"2024-07-31T14:46:05+00:00","breadcrumb":{"@id":"https:\/\/clubhoka.holdingsportgroup.com\/index.php\/terminos\/#breadcrumb"},"inLanguage":"es","potentialAction":[{"@type":"ReadAction","target":["https:\/\/clubhoka.holdingsportgroup.com\/index.php\/terminos\/"]}]},{"@type":"ImageObject","inLanguage":"es","@id":"https:\/\/clubhoka.holdingsportgroup.com\/index.php\/terminos\/#primaryimage","url":"https:\/\/clubhoka.holdingsportgroup.com\/wp-content\/uploads\/2024\/07\/2023-0126-27_HOKA_F23_BRAND_08170_FINAL_LIB-1.jpg","contentUrl":"https:\/\/clubhoka.holdingsportgroup.com\/wp-content\/uploads\/2024\/07\/2023-0126-27_HOKA_F23_BRAND_08170_FINAL_LIB-1.jpg","width":2074,"height":1382},{"@type":"BreadcrumbList","@id":"https:\/\/clubhoka.holdingsportgroup.com\/index.php\/terminos\/#breadcrumb","itemListElement":[{"@type":"ListItem","position":1,"name":"Portada","item":"https:\/\/clubhoka.holdingsportgroup.com\/"},{"@type":"ListItem","position":2,"name":"T\u00e9rminos"}]},{"@type":"WebSite","@id":"https:\/\/clubhoka.holdingsportgroup.com\/#website","url":"https:\/\/clubhoka.holdingsportgroup.com\/","name":"Hoka Run Club","description":"","potentialAction":[{"@type":"SearchAction","target":{"@type":"EntryPoint","urlTemplate":"https:\/\/clubhoka.holdingsportgroup.com\/?s={search_term_string}"},"query-input":{"@type":"PropertyValueSpecification","valueRequired":true,"valueName":"search_term_string"}}],"inLanguage":"es"}]}},"_links":{"self":[{"href":"https:\/\/clubhoka.holdingsportgroup.com\/index.php\/wp-json\/wp\/v2\/pages\/22715","targetHints":{"allow":["GET"]}}],"collection":[{"href":"https:\/\/clubhoka.holdingsportgroup.com\/index.php\/wp-json\/wp\/v2\/pages"}],"about":[{"href":"https:\/\/clubhoka.holdingsportgroup.com\/index.php\/wp-json\/wp\/v2\/types\/page"}],"author":[{"embeddable":true,"href":"https:\/\/clubhoka.holdingsportgroup.com\/index.php\/wp-json\/wp\/v2\/users\/2"}],"replies":[{"embeddable":true,"href":"https:\/\/clubhoka.holdingsportgroup.com\/index.php\/wp-json\/wp\/v2\/comments?post=22715"}],"version-history":[{"count":25,"href":"https:\/\/clubhoka.holdingsportgroup.com\/index.php\/wp-json\/wp\/v2\/pages\/22715\/revisions"}],"predecessor-version":[{"id":22880,"href":"https:\/\/clubhoka.holdingsportgroup.com\/index.php\/wp-json\/wp\/v2\/pages\/22715\/revisions\/22880"}],"wp:featuredmedia":[{"embeddable":true,"href":"https:\/\/clubhoka.holdingsportgroup.com\/index.php\/wp-json\/wp\/v2\/media\/22865"}],"wp:attachment":[{"href":"https:\/\/clubhoka.holdingsportgroup.com\/index.php\/wp-json\/wp\/v2\/media?parent=22715"}],"curies":[{"name":"wp","href":"https:\/\/api.w.org\/{rel}","templated":true}]}}